{"id":30,"date":"2023-02-16T12:36:37","date_gmt":"2023-02-16T12:36:37","guid":{"rendered":"https:\/\/switc.planet.ee\/classic\/?page_id=30"},"modified":"2023-02-17T11:09:51","modified_gmt":"2023-02-17T11:09:51","slug":"contact","status":"publish","type":"page","link":"https:\/\/switc.planet.ee\/classic\/contact\/","title":{"rendered":"Contact"},"content":{"rendered":"\n<p>Gup-Tuning O\u00fc<\/p>\n\n\n\n<p>Kesk-S\u00f5jam\u00e4e 24<\/p>\n\n\n\n<p>11415 Tallinn<\/p>\n\n\n\n<p>Estonia<\/p>\n\n\n\n<p>Phone: +3725654040<\/p>\n\n\n\n<p>info@gup-tuning.ee<\/p>\n","protected":false},"excerpt":{"rendered":"<p>Gup-Tuning O\u00fc Kesk-S\u00f5jam\u00e4e 24 11415 Tallinn Estonia Phone: +3725654040 info@gup-tuning.ee<\/p>\n","protected":false},"author":1,"featured_media":0,"parent":0,"menu_order":0,"comment_status":"closed","ping_status":"closed","template":"","meta":{"ngg_post_thumbnail":0,"footnotes":""},"class_list":["post-30","page","type-page","status-publish","hentry"],"_links":{"self":[{"href":"https:\/\/switc.planet.ee\/classic\/wp-json\/wp\/v2\/pages\/30","targetHints":{"allow":["GET"]}}],"collection":[{"href":"https:\/\/switc.planet.ee\/classic\/wp-json\/wp\/v2\/pages"}],"about":[{"href":"https:\/\/switc.planet.ee\/classic\/wp-json\/wp\/v2\/types\/page"}],"author":[{"embeddable":true,"href":"https:\/\/switc.planet.ee\/classic\/wp-json\/wp\/v2\/users\/1"}],"replies":[{"embeddable":true,"href":"https:\/\/switc.planet.ee\/classic\/wp-json\/wp\/v2\/comments?post=30"}],"version-history":[{"count":5,"href":"https:\/\/switc.planet.ee\/classic\/wp-json\/wp\/v2\/pages\/30\/revisions"}],"predecessor-version":[{"id":171,"href":"https:\/\/switc.planet.ee\/classic\/wp-json\/wp\/v2\/pages\/30\/revisions\/171"}],"wp:attachment":[{"href":"https:\/\/switc.planet.ee\/classic\/wp-json\/wp\/v2\/media?parent=30"}],"curies":[{"name":"wp","href":"https:\/\/api.w.org\/{rel}","templated":true}]}}